{"id":4405,"date":"2024-04-26T13:42:55","date_gmt":"2024-04-26T12:42:55","guid":{"rendered":"https:\/\/zdralinjastrebac.rs\/?post_type=product&#038;p=4405"},"modified":"2024-07-09T20:16:30","modified_gmt":"2024-07-09T19:16:30","slug":"iznenadujuca-avantura-oblacinsko-jezero","status":"publish","type":"product","link":"https:\/\/zdralinjastrebac.rs\/index.php\/product\/iznenadujuca-avantura-oblacinsko-jezero\/","title":{"rendered":"Obla\u010dinsko jezero"},"content":{"rendered":"<p>Prepustite se magi\u010dnom jednodnevnom izizletu\u00a0koji Vas vodi kroz prelepe pejza\u017ee i istorijska znamenja! Tura traje oko 7 sati i pru\u017ea Vam nesvakida\u0161nje iskustvo.<\/p>\n<p>Ova avantura obuhvata turu &#8220;Pogled&#8221; odakle nastavljate putevima koji Vas vode kroz guste \u0161ume i otkrivaju skrivene lepote, uklju\u010duju\u0107i istorijski zna\u010dajnu svetinju, crkvu Sveti Vra\u010di.<\/p>\n<p>Spektakularni pogled: Silaze\u0107i prema Obla\u010dinskom jezeru, pru\u017ei\u0107emo Vam pogled na grad Ni\u0161 u daljini, \u0161to dodaje posebnu \u010dar ovom pejza\u017eu.<\/p>\n<p>U\u017eivanje u restoranu: Na obali jezera, najlep\u0161em mestu za odmor i u\u017eivanje, u\u017eivajte u odli\u010dnoj hrani i pi\u0107u na terasi restorana sa pogledom na mirnu vodu. Ovde \u0107ete provesti pauzu od 1 do 1,5 sata, upijaju\u0107i mir i harmoniju ovog prekrasnog mesta.<\/p>\n<p>Zapo\u010dnite svoju avanturu sa ATV \u017ddralinom i ostvarite neverovatno iskustvo na Obla\u010dinskom jezeru!<\/p>\n","protected":false},"excerpt":{"rendered":"<p>Prepustite se magi\u010dnom jednodnevnom izizletu\u00a0koji Vas vodi kroz prelepe pejza\u017ee i istorijska znamenja! Tura traje oko 7 sati i pru\u017ea Vam nesvakida\u0161nje iskustvo. Ova avantura obuhvata turu &#8220;Pogled&#8221; odakle nastavljate putevima koji Vas vode kroz guste \u0161ume i otkrivaju skrivene lepote, uklju\u010duju\u0107i istorijski zna\u010dajnu svetinju, crkvu Sveti Vra\u010di. Spektakularni pogled: Silaze\u0107i prema Obla\u010dinskom jezeru, pru\u017ei\u0107emo [&hellip;]<\/p>\n","protected":false},"featured_media":4930,"template":"","meta":[],"product_brand":[],"product_cat":[39],"product_tag":[],"class_list":{"0":"post-4405","1":"product","2":"type-product","3":"status-publish","4":"has-post-thumbnail","6":"product_cat-atv-ture","8":"first","9":"outofstock","10":"shipping-taxable","11":"product-type-ovabrw_car_rental"},"_links":{"self":[{"href":"https:\/\/zdralinjastrebac.rs\/index.php\/wp-json\/wp\/v2\/product\/4405","targetHints":{"allow":["GET"]}}],"collection":[{"href":"https:\/\/zdralinjastrebac.rs\/index.php\/wp-json\/wp\/v2\/product"}],"about":[{"href":"https:\/\/zdralinjastrebac.rs\/index.php\/wp-json\/wp\/v2\/types\/product"}],"wp:featuredmedia":[{"embeddable":true,"href":"https:\/\/zdralinjastrebac.rs\/index.php\/wp-json\/wp\/v2\/media\/4930"}],"wp:attachment":[{"href":"https:\/\/zdralinjastrebac.rs\/index.php\/wp-json\/wp\/v2\/media?parent=4405"}],"wp:term":[{"taxonomy":"product_brand","embeddable":true,"href":"https:\/\/zdralinjastrebac.rs\/index.php\/wp-json\/wp\/v2\/product_brand?post=4405"},{"taxonomy":"product_cat","embeddable":true,"href":"https:\/\/zdralinjastrebac.rs\/index.php\/wp-json\/wp\/v2\/product_cat?post=4405"},{"taxonomy":"product_tag","embeddable":true,"href":"https:\/\/zdralinjastrebac.rs\/index.php\/wp-json\/wp\/v2\/product_tag?post=4405"}],"curies":[{"name":"wp","href":"https:\/\/api.w.org\/{rel}","templated":true}]}}