{"id":4397,"date":"2024-04-08T07:51:23","date_gmt":"2024-04-08T06:51:23","guid":{"rendered":"https:\/\/zdralinjastrebac.rs\/?post_type=product&#038;p=4397"},"modified":"2024-06-24T17:44:24","modified_gmt":"2024-06-24T16:44:24","slug":"gozba-u-planini","status":"publish","type":"product","link":"https:\/\/zdralinjastrebac.rs\/index.php\/product\/gozba-u-planini\/","title":{"rendered":"Gozba u planini"},"content":{"rendered":"<p>Nova tura &#8220;Gozba u planini&#8221; je savr\u0161en izbor za sve koji u\u017eivaju u prelepoj prirodi i kulinarskim u\u017eicima u idili\u010dnom okru\u017eenju planine. Ova celodnodnevna avantura traje oko 5 sati i 30 min i obuhvata slede\u0107e:<\/p>\n<p>Turu &#8220;Pogled&#8221; &#8211; upoznavanje sa najlep\u0161im vidicima planine i prelepim pejza\u017eima.<\/p>\n<p>Poseta etno restoranu &#8220;Zeleni Raj&#8221; &#8211; skrivenim duboko u planini, gde Vas o\u010dekuje najukusnija gozba sa izvrsnom hranom i pi\u0107em. Uz to, korisnici ove ture ostvaruju i popust od 20% na svu hranu i pi\u0107e u restoranu.<\/p>\n<p>Ova tura je idealna za celu porodicu ili dru\u0161tvo koje \u017eeli da provede kvalitetno vreme u prirodi, u\u017eiva u finim kulinarkim specijalitetima i oseti nesvakida\u0161nji do\u017eivljaj u planini.<\/p>\n","protected":false},"excerpt":{"rendered":"<p>Nova tura &#8220;Gozba u planini&#8221; je savr\u0161en izbor za sve koji u\u017eivaju u prelepoj prirodi i kulinarskim u\u017eicima u idili\u010dnom okru\u017eenju planine. Ova celodnodnevna avantura traje oko 5 sati i 30 min i obuhvata slede\u0107e: Turu &#8220;Pogled&#8221; &#8211; upoznavanje sa najlep\u0161im vidicima planine i prelepim pejza\u017eima. Poseta etno restoranu &#8220;Zeleni Raj&#8221; &#8211; skrivenim duboko u [&hellip;]<\/p>\n","protected":false},"featured_media":4858,"template":"","meta":[],"product_brand":[],"product_cat":[39],"product_tag":[],"class_list":{"0":"post-4397","1":"product","2":"type-product","3":"status-publish","4":"has-post-thumbnail","6":"product_cat-atv-ture","8":"first","9":"instock","10":"shipping-taxable","11":"product-type-ovabrw_car_rental"},"_links":{"self":[{"href":"https:\/\/zdralinjastrebac.rs\/index.php\/wp-json\/wp\/v2\/product\/4397","targetHints":{"allow":["GET"]}}],"collection":[{"href":"https:\/\/zdralinjastrebac.rs\/index.php\/wp-json\/wp\/v2\/product"}],"about":[{"href":"https:\/\/zdralinjastrebac.rs\/index.php\/wp-json\/wp\/v2\/types\/product"}],"wp:featuredmedia":[{"embeddable":true,"href":"https:\/\/zdralinjastrebac.rs\/index.php\/wp-json\/wp\/v2\/media\/4858"}],"wp:attachment":[{"href":"https:\/\/zdralinjastrebac.rs\/index.php\/wp-json\/wp\/v2\/media?parent=4397"}],"wp:term":[{"taxonomy":"product_brand","embeddable":true,"href":"https:\/\/zdralinjastrebac.rs\/index.php\/wp-json\/wp\/v2\/product_brand?post=4397"},{"taxonomy":"product_cat","embeddable":true,"href":"https:\/\/zdralinjastrebac.rs\/index.php\/wp-json\/wp\/v2\/product_cat?post=4397"},{"taxonomy":"product_tag","embeddable":true,"href":"https:\/\/zdralinjastrebac.rs\/index.php\/wp-json\/wp\/v2\/product_tag?post=4397"}],"curies":[{"name":"wp","href":"https:\/\/api.w.org\/{rel}","templated":true}]}}