{"id":4389,"date":"2024-04-08T07:46:06","date_gmt":"2024-04-08T06:46:06","guid":{"rendered":"https:\/\/zdralinjastrebac.rs\/?post_type=product&#038;p=4389"},"modified":"2024-06-24T17:30:06","modified_gmt":"2024-06-24T16:30:06","slug":"lake-resort","status":"publish","type":"product","link":"https:\/\/zdralinjastrebac.rs\/index.php\/product\/lake-resort\/","title":{"rendered":"Lake Resort"},"content":{"rendered":"<p>Nova tura &#8220;Lake Resort&#8221; predstvalja izuzetan jednodnevni izlet na prelepoj planini Jatsrebac. Ova uzbudljiva avantura traje oko 8 sati i uklju\u010duje upoznavanje naj\u0161umovitije planine na Balkanu sa jednog kraja do drugog.<\/p>\n<p>Tokom ovog izleta ima\u0107ete priliku da u\u017eivate u prelepom ambijetnu jezera sa restoranom u planini, gde se pravi pauza od 2 sata. U rezortu Vas o\u010dekuju razli\u010dite aktivnosti kao \u0161to su sportski tereni, mini golf, teretana na otvorenom, klizali\u0161te za sva godi\u0161nja doba, avantura park sa Zip Line-om preko jezera, ve\u0161ta\u010dkom stenom za Free Climbing, de\u010dijim avantura stazama i zahtevnijim velikim avantura stazama na 2 nivoa.<\/p>\n<p>Ovaj izlet predstavlja savr\u0161enu priliku da istra\u017eite jedan od najinteresantijih delova planine Jastrebac i u\u017eivati u brojnim zabavnim aktivnostima. Slike sa ovog izleta \u0107e Vam pru\u017eiti uvid u uzbudljive momente koje mo\u017eete o\u010dekivati na ovom nezaboravnom iskustvu.<\/p>\n","protected":false},"excerpt":{"rendered":"<p>Nova tura &#8220;Lake Resort&#8221; predstvalja izuzetan jednodnevni izlet na prelepoj planini Jatsrebac. Ova uzbudljiva avantura traje oko 8 sati i uklju\u010duje upoznavanje naj\u0161umovitije planine na Balkanu sa jednog kraja do drugog. Tokom ovog izleta ima\u0107ete priliku da u\u017eivate u prelepom ambijetnu jezera sa restoranom u planini, gde se pravi pauza od 2 sata. U rezortu [&hellip;]<\/p>\n","protected":false},"featured_media":4895,"template":"","meta":[],"product_brand":[],"product_cat":[39],"product_tag":[],"class_list":{"0":"post-4389","1":"product","2":"type-product","3":"status-publish","4":"has-post-thumbnail","6":"product_cat-atv-ture","8":"first","9":"instock","10":"shipping-taxable","11":"product-type-ovabrw_car_rental"},"_links":{"self":[{"href":"https:\/\/zdralinjastrebac.rs\/index.php\/wp-json\/wp\/v2\/product\/4389","targetHints":{"allow":["GET"]}}],"collection":[{"href":"https:\/\/zdralinjastrebac.rs\/index.php\/wp-json\/wp\/v2\/product"}],"about":[{"href":"https:\/\/zdralinjastrebac.rs\/index.php\/wp-json\/wp\/v2\/types\/product"}],"wp:featuredmedia":[{"embeddable":true,"href":"https:\/\/zdralinjastrebac.rs\/index.php\/wp-json\/wp\/v2\/media\/4895"}],"wp:attachment":[{"href":"https:\/\/zdralinjastrebac.rs\/index.php\/wp-json\/wp\/v2\/media?parent=4389"}],"wp:term":[{"taxonomy":"product_brand","embeddable":true,"href":"https:\/\/zdralinjastrebac.rs\/index.php\/wp-json\/wp\/v2\/product_brand?post=4389"},{"taxonomy":"product_cat","embeddable":true,"href":"https:\/\/zdralinjastrebac.rs\/index.php\/wp-json\/wp\/v2\/product_cat?post=4389"},{"taxonomy":"product_tag","embeddable":true,"href":"https:\/\/zdralinjastrebac.rs\/index.php\/wp-json\/wp\/v2\/product_tag?post=4389"}],"curies":[{"name":"wp","href":"https:\/\/api.w.org\/{rel}","templated":true}]}}