{"id":4000,"date":"2023-05-08T13:48:49","date_gmt":"2023-05-08T06:48:49","guid":{"rendered":"https:\/\/demo.ovatheme.com\/vedhak\/?post_type=product&#038;p=4000"},"modified":"2024-06-24T17:33:38","modified_gmt":"2024-06-24T16:33:38","slug":"panorama-tura","status":"publish","type":"product","link":"https:\/\/zdralinjastrebac.rs\/index.php\/product\/panorama-tura\/","title":{"rendered":"Mala panorama"},"content":{"rendered":"<p>U trajanju od oko 50 min ova tura Vas vodi direktno do \u0161umske kapije gde dosti\u017eemo nadmorsku visinu od oko 900m, sa koje se\u00a0 pru\u017ea o\u010daravaju\u0107i panoramski pogled na lepote ovih krajeva kao i na bajkoviti dvorac u selu Boljevac.<\/p>\n<p>&nbsp;<\/p>\n<p>&nbsp;<\/p>\n","protected":false},"excerpt":{"rendered":"<p>U trajanju od oko 50 min ova tura Vas vodi direktno do \u0161umske kapije gde dosti\u017eemo nadmorsku visinu od oko 900m, sa koje se\u00a0 pru\u017ea o\u010daravaju\u0107i panoramski pogled na lepote ovih krajeva kao i na bajkoviti dvorac u selu Boljevac. &nbsp; &nbsp;<\/p>\n","protected":false},"featured_media":4778,"template":"","meta":[],"product_brand":[],"product_cat":[39],"product_tag":[],"class_list":{"0":"post-4000","1":"product","2":"type-product","3":"status-publish","4":"has-post-thumbnail","6":"product_cat-atv-ture","8":"first","9":"instock","10":"shipping-taxable","11":"product-type-ovabrw_car_rental"},"_links":{"self":[{"href":"https:\/\/zdralinjastrebac.rs\/index.php\/wp-json\/wp\/v2\/product\/4000","targetHints":{"allow":["GET"]}}],"collection":[{"href":"https:\/\/zdralinjastrebac.rs\/index.php\/wp-json\/wp\/v2\/product"}],"about":[{"href":"https:\/\/zdralinjastrebac.rs\/index.php\/wp-json\/wp\/v2\/types\/product"}],"wp:featuredmedia":[{"embeddable":true,"href":"https:\/\/zdralinjastrebac.rs\/index.php\/wp-json\/wp\/v2\/media\/4778"}],"wp:attachment":[{"href":"https:\/\/zdralinjastrebac.rs\/index.php\/wp-json\/wp\/v2\/media?parent=4000"}],"wp:term":[{"taxonomy":"product_brand","embeddable":true,"href":"https:\/\/zdralinjastrebac.rs\/index.php\/wp-json\/wp\/v2\/product_brand?post=4000"},{"taxonomy":"product_cat","embeddable":true,"href":"https:\/\/zdralinjastrebac.rs\/index.php\/wp-json\/wp\/v2\/product_cat?post=4000"},{"taxonomy":"product_tag","embeddable":true,"href":"https:\/\/zdralinjastrebac.rs\/index.php\/wp-json\/wp\/v2\/product_tag?post=4000"}],"curies":[{"name":"wp","href":"https:\/\/api.w.org\/{rel}","templated":true}]}}