{"id":3973,"date":"2023-05-08T11:07:10","date_gmt":"2023-05-08T04:07:10","guid":{"rendered":"https:\/\/demo.ovatheme.com\/vedhak\/?post_type=product&#038;p=3973"},"modified":"2024-06-24T17:38:31","modified_gmt":"2024-06-24T16:38:31","slug":"pogled-tura","status":"publish","type":"product","link":"https:\/\/zdralinjastrebac.rs\/index.php\/product\/pogled-tura\/","title":{"rendered":"Pogled"},"content":{"rendered":"<p>Za one koji \u017eele da se popnu na vrh Jastrepca i u\u017eivaju u neverovatnim panoramskim pogledima, tura Pogled je idealan izbor. Ova dugotrajna tura pru\u017ea vam priliku da istra\u017eite \u0161umovite predele sa povremenim livadama dok se penjete ka vrhu. Na putu \u0107ete otkriti brojne izvore, a jedan od njih, Kraljeva voda, iznenadi\u0107e Vas svojom neverovatnom hladno\u0107om. Ovaj izvor je savr\u0161eno mesto za osve\u017eenje i fotografisanje pre nego \u0161to nastavite svoje putovanje ka vrhu. Posle nekoliko kilometara vo\u017enje, dosti\u0107i \u0107ete vrh na nadmorskoj visini od 1481 metar, gde vas o\u010dekuje zadivljuju\u0107a 360-stepena panorama. Ova tura pru\u017ea vam izuzetno visok nivo adrenalina i neprocenjive trenutke na vrhu sveta, gde \u0107ete se ose\u0107ati kao da mo\u017eete dodirnuti oblake.<\/p>\n","protected":false},"excerpt":{"rendered":"<p>Za one koji \u017eele da se popnu na vrh Jastrepca i u\u017eivaju u neverovatnim panoramskim pogledima, tura Pogled je idealan izbor. Ova dugotrajna tura pru\u017ea vam priliku da istra\u017eite \u0161umovite predele sa povremenim livadama dok se penjete ka vrhu. Na putu \u0107ete otkriti brojne izvore, a jedan od njih, Kraljeva voda, iznenadi\u0107e Vas svojom neverovatnom [&hellip;]<\/p>\n","protected":false},"featured_media":4905,"template":"","meta":[],"product_brand":[],"product_cat":[39],"product_tag":[],"class_list":{"0":"post-3973","1":"product","2":"type-product","3":"status-publish","4":"has-post-thumbnail","6":"product_cat-atv-ture","8":"first","9":"instock","10":"shipping-taxable","11":"purchasable","12":"product-type-ovabrw_car_rental"},"_links":{"self":[{"href":"https:\/\/zdralinjastrebac.rs\/index.php\/wp-json\/wp\/v2\/product\/3973","targetHints":{"allow":["GET"]}}],"collection":[{"href":"https:\/\/zdralinjastrebac.rs\/index.php\/wp-json\/wp\/v2\/product"}],"about":[{"href":"https:\/\/zdralinjastrebac.rs\/index.php\/wp-json\/wp\/v2\/types\/product"}],"wp:featuredmedia":[{"embeddable":true,"href":"https:\/\/zdralinjastrebac.rs\/index.php\/wp-json\/wp\/v2\/media\/4905"}],"wp:attachment":[{"href":"https:\/\/zdralinjastrebac.rs\/index.php\/wp-json\/wp\/v2\/media?parent=3973"}],"wp:term":[{"taxonomy":"product_brand","embeddable":true,"href":"https:\/\/zdralinjastrebac.rs\/index.php\/wp-json\/wp\/v2\/product_brand?post=3973"},{"taxonomy":"product_cat","embeddable":true,"href":"https:\/\/zdralinjastrebac.rs\/index.php\/wp-json\/wp\/v2\/product_cat?post=3973"},{"taxonomy":"product_tag","embeddable":true,"href":"https:\/\/zdralinjastrebac.rs\/index.php\/wp-json\/wp\/v2\/product_tag?post=3973"}],"curies":[{"name":"wp","href":"https:\/\/api.w.org\/{rel}","templated":true}]}}