{"id":4229,"date":"2023-06-16T07:30:49","date_gmt":"2023-06-16T06:30:49","guid":{"rendered":"https:\/\/zdralinjastrebac.rs\/?page_id=4229"},"modified":"2023-06-16T07:30:49","modified_gmt":"2023-06-16T06:30:49","slug":"team-building","status":"publish","type":"page","link":"https:\/\/zdralinjastrebac.rs\/index.php\/team-building\/","title":{"rendered":"Team building"},"content":{"rendered":"\n<p>Team building je koncept koji je postao neizostavan deo modernog poslovnog sveta. On predstavlja aktivnosti koje se organizuju sa ciljem ja\u010danja timskog duha, pove\u0107anja produktivnosti i unapre\u0111enja me\u0111usobne saradnje me\u0111u \u010dlanovima tima. U tom kontekstu, ATV udru\u017eenje &#8220;\u017ddralin&#8221; Kru\u0161evac na planini Jastrebac pru\u017ea jedinstvene mogu\u0107nosti za organizaciju izuzetnog team building iskustva.<\/p>\n\n\n\n<p>\u0160ta je team building i kako funkcioni\u0161e:<\/p>\n\n\n\n<p>Team building se sastoji od razli\u010ditih aktivnosti koje se kreiraju kako bi se unapredila komunikacija, izgradnja poverenja, re\u0161avanje problema i pobolj\u0161anje efikasnosti tima. Ove aktivnosti \u010desto uklju\u010duju avanturisti\u010dke izazove, igre, ve\u017ebe za ja\u010danje timskog duha i problem-solving zadatke.<\/p>\n\n\n\n<p>Ciljevi team buildinga su mnogobrojni. Osim \u0161to omogu\u0107ava u\u010desnicima da se upuste u izazovne aktivnosti van radnog okru\u017eenja, team building podsti\u010de tim na razvoj komunikacijskih ve\u0161tina, uspostavljanje me\u0111usobnog poverenja, pobolj\u0161anje saradnje, unapre\u0111enje kreativnosti i re\u0161avanje konflikata. Ovi ciljevi imaju za rezultat sna\u017enije i efikasnije timove, koji su spremni da prevazi\u0111u prepreke i postignu uspeh.<\/p>\n\n\n\n<p>Kako ATV udru\u017eenje &#8220;\u017ddralin&#8221; mo\u017ee biti pravi izbor:<\/p>\n\n\n\n<p>Kada je u pitanju organizacija team buildinga na planini Jastrebac, ATV udru\u017eenje &#8220;\u017ddralin&#8221; je pravi izbor. Evo nekoliko razloga za\u0161to smo prava destinacija za va\u0161 slede\u0107i team building:<\/p>\n\n\n\n<ol class=\"wp-block-list\">\n<li>Priroda i avanturisti\u010dke aktivnosti: Planina Jastrebac pru\u017ea spektakularno prirodno okru\u017eenje i raznovrsne mogu\u0107nosti za avanturisti\u010dke aktivnosti. Na\u0161 tim stru\u010dnjaka \u0107e vam omogu\u0107iti nezaboravne avanture poput vo\u017enje kvadova, pe\u0161a\u010denja, orijentacionih trka i mnogih drugih aktivnosti koje \u0107e izazvati adrenalin i podsta\u0107i timski duh.<\/li>\n\n\n\n<li>Tim izazovi i igre: Kroz specijalno osmi\u0161ljene tim izazove i igre, podsta\u0107i \u0107emo va\u0161 tim da radi zajedno, razvija strategije, re\u0161ava probleme i prevazilazi prepreke. Na\u0161i timski zadaci \u0107e oja\u010dati poverenje me\u0111u \u010dlanovima tima i podstaknuti saradnju na svim nivoima.<\/li>\n\n\n\n<li>Individualni pristup: Svesni smo da svaki tim ima specifi\u010dne potrebe i ciljeve. Stoga, prilago\u0111avamo program team buildinga prema va\u0161im zahtevima. S na\u0161im iskusnim timom, mo\u017eete o\u010dekivati personalizovanu podr\u0161ku i pa\u017eljivo osmi\u0161ljen program koji \u0107e zadovoljiti potrebe va\u0161eg tima.<\/li>\n\n\n\n<li>Iskusni instruktori: Na\u0161 tim instruktora ima bogato iskustvo u vo\u0111enju team building aktivnosti i brine se o sigurnosti svih u\u010desnika. Oni \u0107e vam pru\u017eiti stru\u010dno vo\u0111stvo, instrukcije i podr\u0161ku tokom svih aktivnosti.<\/li>\n\n\n\n<li>Nezaboravno iskustvo: Organizovanje team buildinga na planini Jastrebac uz pomo\u0107 ATV udru\u017eenja &#8220;\u017ddralin&#8221; pru\u017ei\u0107e vam nezaboravno iskustvo. Pored izgradnje timskog duha, ima\u0107ete priliku da u\u017eivate u prelepom okru\u017eenju prirode i stvorite uspomene koje \u0107e trajati.<\/li>\n<\/ol>\n\n\n\n<p>Zaklju\u010dak:<\/p>\n\n\n\n<p>ATV udru\u017eenje &#8220;\u017ddralin&#8221; na planini Jastrebac je idealan izbor za organizaciju va\u0161eg slede\u0107eg team buildinga. Sa na\u0161im bogatim iskustvom, jedinstvenim aktivnostima i personalizovanim pristupom, garantujemo da \u0107ete ostvariti ciljeve va\u0161eg tima i ostvariti nezaboravno iskustvo.<\/p>\n\n\n\n<p>Za vi\u0161e informacija o na\u0161em programu team buildinga i mogu\u0107nostima saradnje, molimo vas da nas kontaktirate putem e-mail adrese <a href=\"mailto:office@zdralinjastrebac.rs\">office@zdralinjastrebac.rs<\/a>. Radujemo se \u0161to \u0107emo biti deo va\u0161eg timskog putovanja ka uspehu.<\/p>\n","protected":false},"excerpt":{"rendered":"<p>Team building je koncept koji je postao neizostavan deo modernog poslovnog sveta. On predstavlja aktivnosti koje se organizuju sa ciljem ja\u010danja timskog duha, pove\u0107anja produktivnosti i unapre\u0111enja me\u0111usobne saradnje me\u0111u \u010dlanovima tima. U tom kontekstu, ATV udru\u017eenje &#8220;\u017ddralin&#8221; Kru\u0161evac na planini Jastrebac pru\u017ea jedinstvene mogu\u0107nosti za organizaciju izuzetnog team building iskustva. \u0160ta je team building [&hellip;]<\/p>\n","protected":false},"author":1,"featured_media":0,"parent":0,"menu_order":0,"comment_status":"closed","ping_status":"closed","template":"","meta":{"footnotes":""},"class_list":["post-4229","page","type-page","status-publish","hentry"],"_links":{"self":[{"href":"https:\/\/zdralinjastrebac.rs\/index.php\/wp-json\/wp\/v2\/pages\/4229","targetHints":{"allow":["GET"]}}],"collection":[{"href":"https:\/\/zdralinjastrebac.rs\/index.php\/wp-json\/wp\/v2\/pages"}],"about":[{"href":"https:\/\/zdralinjastrebac.rs\/index.php\/wp-json\/wp\/v2\/types\/page"}],"author":[{"embeddable":true,"href":"https:\/\/zdralinjastrebac.rs\/index.php\/wp-json\/wp\/v2\/users\/1"}],"replies":[{"embeddable":true,"href":"https:\/\/zdralinjastrebac.rs\/index.php\/wp-json\/wp\/v2\/comments?post=4229"}],"version-history":[{"count":1,"href":"https:\/\/zdralinjastrebac.rs\/index.php\/wp-json\/wp\/v2\/pages\/4229\/revisions"}],"predecessor-version":[{"id":4230,"href":"https:\/\/zdralinjastrebac.rs\/index.php\/wp-json\/wp\/v2\/pages\/4229\/revisions\/4230"}],"wp:attachment":[{"href":"https:\/\/zdralinjastrebac.rs\/index.php\/wp-json\/wp\/v2\/media?parent=4229"}],"curies":[{"name":"wp","href":"https:\/\/api.w.org\/{rel}","templated":true}]}}