{"id":4224,"date":"2023-06-16T07:26:37","date_gmt":"2023-06-16T06:26:37","guid":{"rendered":"https:\/\/zdralinjastrebac.rs\/?page_id=4224"},"modified":"2023-06-27T12:00:02","modified_gmt":"2023-06-27T11:00:02","slug":"saradnja","status":"publish","type":"page","link":"https:\/\/zdralinjastrebac.rs\/index.php\/saradnja\/","title":{"rendered":"Saradnja"},"content":{"rendered":"\t\t<div data-elementor-type=\"wp-page\" data-elementor-id=\"4224\" class=\"elementor elementor-4224\" data-elementor-post-type=\"page\">\n\t\t\t\t\t\t<section class=\"elementor-section elementor-top-section elementor-element elementor-element-e8e85d7 elementor-section-boxed elementor-section-height-default elementor-section-height-default\" data-id=\"e8e85d7\" data-element_type=\"section\" data-e-type=\"section\">\n\t\t\t\t\t\t<div class=\"elementor-container elementor-column-gap-default\">\n\t\t\t\t\t<div class=\"elementor-column elementor-col-100 elementor-top-column elementor-element elementor-element-34a1641\" data-id=\"34a1641\" data-element_type=\"column\" data-e-type=\"column\">\n\t\t\t<div class=\"elementor-widget-wrap elementor-element-populated\">\n\t\t\t\t\t\t<div class=\"elementor-element elementor-element-6b56f86 elementor-widget elementor-widget-text-editor\" data-id=\"6b56f86\" data-element_type=\"widget\" data-e-type=\"widget\" data-widget_type=\"text-editor.default\">\n\t\t\t\t<div class=\"elementor-widget-container\">\n\t\t\t\t\t\t\t\t\t<p>ATV udru\u017eenje &#8220;\u017ddralin&#8221;\u00a0 na planini Jastrebac srda\u010dno pozdravlja sve zainteresovane pojedince i pravna lica, uklju\u010duju\u0107i restorane, hotele, udru\u017eenja, fotografe, promotere i druge, koji su zainteresovani za saradnju sa nama. \u017delimo da istaknemo da smo otvoreni za razli\u010dite vrste saradnje i da smo spremni da pru\u017eimo podr\u0161ku na\u0161im partnerima na obostrano zadovoljstvo.<\/p><p>Kao ATV udru\u017eenje sa dugogodi\u0161njim iskustvom, nudimo razli\u010dite mogu\u0107nosti saradnje koje mogu biti prilago\u0111ene va\u0161im specifi\u010dnim potrebama. Bilo da ste restoran koji \u017eeli da organizuje avanturisti\u010dke ture za svoje goste, hotel koji \u017eeli da pru\u017ei jedinstvenu ponudu sa vo\u017enjom kvadova, udru\u017eenje koje \u017eeli da organizuje timbilding aktivnosti ili fotograf koji \u017eeli da zabele\u017ei nezaboravne trenutke na\u0161ih vo\u017enji, mi smo tu da vam pru\u017eimo podr\u0161ku.<\/p><p>Stojimo vam na raspolaganju za sve vrste predloga i ideja koje imate u vezi sa saradnjom. Na\u0161 tim \u0107e pa\u017eljivo razmotriti svaki predlog i pru\u017eiti vam najbolju mogu\u0107u podr\u0161ku. Verujemo u partnerstvo zasnovano na uzajamnom poverenju i dugoro\u010dnoj koristi.<\/p><p>Ukoliko \u017eelite da razgovarate o mogu\u0107nostima saradnje, slobodno nas kontaktirajte putem na\u0161e zvani\u010dne e-mail adrese <a href=\"mailto:office@zdralinjastrebac.rs\" target=\"_new\">office@zdralinjastrebac.rs<\/a>. Obradova\u0107emo se va\u0161em kontaktu i pru\u017eiti vam sve potrebne informacije kako bismo zapo\u010deli saradnju.<\/p><p>Hvala vam na interesovanju za saradnju sa ATV udru\u017eenjem &#8220;\u017ddralin&#8221;. Radujemo se mogu\u0107nosti da zajedno stvorimo jedinstvene i nezaboravne avanturisti\u010dke trenutke.<\/p>\t\t\t\t\t\t\t\t<\/div>\n\t\t\t\t<\/div>\n\t\t\t\t\t<\/div>\n\t\t<\/div>\n\t\t\t\t\t<\/div>\n\t\t<\/section>\n\t\t\t\t<\/div>\n\t\t","protected":false},"excerpt":{"rendered":"<p>ATV udru\u017eenje &#8220;\u017ddralin&#8221;\u00a0 na planini Jastrebac srda\u010dno pozdravlja sve zainteresovane pojedince i pravna lica, uklju\u010duju\u0107i restorane, hotele, udru\u017eenja, fotografe, promotere i druge, koji su zainteresovani za saradnju sa nama. \u017delimo da istaknemo da smo otvoreni za razli\u010dite vrste saradnje i da smo spremni da pru\u017eimo podr\u0161ku na\u0161im partnerima na obostrano zadovoljstvo. Kao ATV udru\u017eenje sa [&hellip;]<\/p>\n","protected":false},"author":1,"featured_media":0,"parent":0,"menu_order":0,"comment_status":"closed","ping_status":"closed","template":"","meta":{"footnotes":""},"class_list":["post-4224","page","type-page","status-publish","hentry"],"_links":{"self":[{"href":"https:\/\/zdralinjastrebac.rs\/index.php\/wp-json\/wp\/v2\/pages\/4224","targetHints":{"allow":["GET"]}}],"collection":[{"href":"https:\/\/zdralinjastrebac.rs\/index.php\/wp-json\/wp\/v2\/pages"}],"about":[{"href":"https:\/\/zdralinjastrebac.rs\/index.php\/wp-json\/wp\/v2\/types\/page"}],"author":[{"embeddable":true,"href":"https:\/\/zdralinjastrebac.rs\/index.php\/wp-json\/wp\/v2\/users\/1"}],"replies":[{"embeddable":true,"href":"https:\/\/zdralinjastrebac.rs\/index.php\/wp-json\/wp\/v2\/comments?post=4224"}],"version-history":[{"count":8,"href":"https:\/\/zdralinjastrebac.rs\/index.php\/wp-json\/wp\/v2\/pages\/4224\/revisions"}],"predecessor-version":[{"id":4301,"href":"https:\/\/zdralinjastrebac.rs\/index.php\/wp-json\/wp\/v2\/pages\/4224\/revisions\/4301"}],"wp:attachment":[{"href":"https:\/\/zdralinjastrebac.rs\/index.php\/wp-json\/wp\/v2\/media?parent=4224"}],"curies":[{"name":"wp","href":"https:\/\/api.w.org\/{rel}","templated":true}]}}