{"id":4221,"date":"2023-06-16T07:23:01","date_gmt":"2023-06-16T06:23:01","guid":{"rendered":"https:\/\/zdralinjastrebac.rs\/?page_id=4221"},"modified":"2023-06-16T07:23:01","modified_gmt":"2023-06-16T06:23:01","slug":"uslovi-koriscenja","status":"publish","type":"page","link":"https:\/\/zdralinjastrebac.rs\/index.php\/uslovi-koriscenja\/","title":{"rendered":"Uslovi kori\u0161\u0107enja"},"content":{"rendered":"\n<ol class=\"wp-block-list\">\n<li>Intelektualna svojina: Sav sadr\u017eaj na ovom web sajtu, uklju\u010duju\u0107i tekst, grafike, logotipe, fotografije, audio i video materijale, za\u0161ti\u0107en je autorskim pravima i drugim zakonima o intelektualnoj svojini. Sva prava su zadr\u017eana. Neovla\u0161\u0107eno kopiranje, distribuiranje, preno\u0161enje ili kori\u0161\u0107enje bilo kojeg dela sadr\u017eaja bez prethodne pismene dozvole ATV udru\u017eenja &#8220;\u017ddralin&#8221; je zabranjeno. U slu\u010daju da mi kao web mesto koristimo materijal koji ne pripada nama, da li slu\u010dajno ili smo mislili da je materijal dostupan za ovakvu upotrebu, a Vi posedujete autorska prava za isti materijal, budite slobodni da nas kontaktirate, a mi \u0107emo u cilju najbolje prakse tra\u017eiti od Vas pismenu saglasnost za kori\u0161\u0107enje ili ukloniti sadr\u017eaj na Va\u0161 zahtev u cilju prakse kolegijalnosti i profesionalnosti. ATV \u017ddralin NE \u017dELI ugroziti Va\u0161e autorsko pravo na bilo kakvu vrstu svojine, te Vas ljubazno molimo da nas kontaktirate na brojeve telelfona ili putem emaila office@zdralinjastrebac-rs .<\/li>\n\n\n\n<li>Ograni\u010denja odgovornosti: Svi sadr\u017eaji na na\u0161em web sajtu pru\u017eaju se &#8220;kakvi jesu&#8221; i bez ikakve garancije, izri\u010dite ili implicitne. ATV udru\u017eenje &#8220;\u017ddralin&#8221; ne daje nikakve izjave niti garantuje ta\u010dnost, pouzdanost ili kompletnost sadr\u017eaja na web sajtu. Koristite sadr\u017eaj na\u0161eg web sajta isklju\u010divo na sopstvenu odgovornost.<\/li>\n\n\n\n<li>Rezervacija prava: ATV udru\u017eenje &#8220;\u017ddralin&#8221; zadr\u017eava pravo da promeni ili ukine bilo koji deo web sajta, uklju\u010duju\u0107i usluge, sadr\u017eaj, cene i dostupnost, u bilo kom trenutku i bez prethodne najave. Ne snosimo odgovornost za bilo kakvu \u0161tetu koja mo\u017ee nastati usled takvih promena.<\/li>\n\n\n\n<li>Spoljni linkovi: Na\u0161 web sajt mo\u017ee sadr\u017eati linkove ka drugim web sajtovima ili resursima koje pru\u017eaju tre\u0107a lica. Ovi linkovi su pru\u017eeni isklju\u010divo radi va\u0161e pogodnosti i ne predstavljaju podr\u0161ku ili odobrenje od strane ATV udru\u017eenja &#8220;\u017ddralin&#8221;. Ne snosimo odgovornost za sadr\u017eaj ili politiku privatnosti tre\u0107ih lica.<\/li>\n\n\n\n<li>Rezervacije i otkazivanja: Rezervacije za vo\u017enju kvadova vr\u0161e se putem na\u0161eg web sajta ili telefonom. Molimo vas da unapred rezervi\u0161ete svoju vo\u017enju. Ukoliko je potrebno otkazati rezervaciju, molimo vas da nas obavestite blagovremeno. Za detaljnije informacije o rezervacijama i otkazivanjima, posetite na\u0161u stranicu &#8220;Rezervacije&#8221;.<\/li>\n\n\n\n<li>Izmena uslova kori\u0161\u0107enja: ATV udru\u017eenje &#8220;\u017ddralin&#8221; zadr\u017eava pravo da izmeni ove uslove kori\u0161\u0107enja u bilo kom trenutku. Izmenjene uslove objavi\u0107emo na na\u0161em web sajtu i one \u0107e stupiti na snagu odmah po objavljivanju. Va\u0161a dalja upotreba web sajta nakon objavljivanja izmenjenih uslova smatra\u0107e se prihvatanjem novih uslova.<\/li>\n\n\n\n<li>Kontakt informacije: Ukoliko imate pitanja, nedoumice ili zahteve u vezi sa uslovima kori\u0161\u0107enja, molimo vas da nas kontaktirate putem na\u0161ih zvani\u010dnih podataka koje mo\u017eete prona\u0107i na na\u0161em web sajtu.<\/li>\n<\/ol>\n","protected":false},"excerpt":{"rendered":"","protected":false},"author":1,"featured_media":0,"parent":0,"menu_order":0,"comment_status":"closed","ping_status":"closed","template":"","meta":{"footnotes":""},"class_list":["post-4221","page","type-page","status-publish","hentry"],"_links":{"self":[{"href":"https:\/\/zdralinjastrebac.rs\/index.php\/wp-json\/wp\/v2\/pages\/4221","targetHints":{"allow":["GET"]}}],"collection":[{"href":"https:\/\/zdralinjastrebac.rs\/index.php\/wp-json\/wp\/v2\/pages"}],"about":[{"href":"https:\/\/zdralinjastrebac.rs\/index.php\/wp-json\/wp\/v2\/types\/page"}],"author":[{"embeddable":true,"href":"https:\/\/zdralinjastrebac.rs\/index.php\/wp-json\/wp\/v2\/users\/1"}],"replies":[{"embeddable":true,"href":"https:\/\/zdralinjastrebac.rs\/index.php\/wp-json\/wp\/v2\/comments?post=4221"}],"version-history":[{"count":1,"href":"https:\/\/zdralinjastrebac.rs\/index.php\/wp-json\/wp\/v2\/pages\/4221\/revisions"}],"predecessor-version":[{"id":4222,"href":"https:\/\/zdralinjastrebac.rs\/index.php\/wp-json\/wp\/v2\/pages\/4221\/revisions\/4222"}],"wp:attachment":[{"href":"https:\/\/zdralinjastrebac.rs\/index.php\/wp-json\/wp\/v2\/media?parent=4221"}],"curies":[{"name":"wp","href":"https:\/\/api.w.org\/{rel}","templated":true}]}}