{"id":4217,"date":"2023-06-16T07:16:46","date_gmt":"2023-06-16T06:16:46","guid":{"rendered":"https:\/\/zdralinjastrebac.rs\/?page_id=4217"},"modified":"2023-06-27T11:59:17","modified_gmt":"2023-06-27T10:59:17","slug":"politika-privatnosti","status":"publish","type":"page","link":"https:\/\/zdralinjastrebac.rs\/index.php\/politika-privatnosti\/","title":{"rendered":"Politika privatnosti"},"content":{"rendered":"\n<p>Dobrodo\u0161li na stranicu posve\u0107enu politici poslovanja ATV udru\u017eenja &#8220;\u017ddralin&#8221; na planini Jastrebac. Ova stranica pru\u017ea informacije o na\u0161im vrednostima, ciljevima i na\u010dinu rada. Upoznajte se s na\u0161om politikom poslovanja:<\/p>\n\n\n\n<ol class=\"wp-block-list\">\n<li>Kvalitet i sigurnost: ATV udru\u017eenje &#8220;\u017ddralin&#8221; posve\u0107eno je pru\u017eanju kvalitetnih usluga vo\u017enje kvadova na planini Jastrebac. Na\u0161 prioritet je sigurnost svih korisnika. Redovno odr\u017eavanje kvadova, obuka voza\u010da i po\u0161tovanje bezbednosnih mera osiguravaju sigurnu i uzbudljivu vo\u017enju.<\/li>\n\n\n\n<li>Korisni\u010dko iskustvo: Na\u0161 cilj je pru\u017eiti izvanredno korisni\u010dko iskustvo svim voza\u010dima kvadova. Trudimo se da zadovoljimo potrebe i o\u010dekivanja na\u0161ih korisnika pru\u017eaju\u0107i kvalitetnu opremu, jasne upute i ljubazno osoblje koje \u0107e vam pomo\u0107i tokom vo\u017enje.<\/li>\n\n\n\n<li>Odr\u017eivost i za\u0161tita okoline: ATV udru\u017eenje &#8220;\u017ddralin&#8221; posve\u0107eno je o\u010duvanju prirode i za\u0161titi okoline. Pratimo ozna\u010dene staze, po\u0161tujemo prirodne resurse i podsti\u010demo na\u0161e korisnike da \u010duvaju prirodu. Tako\u0111e, redovno vr\u0161imo provere emisija vozila kako bismo smanjili negativni uticaj na okolinu.<\/li>\n\n\n\n<li>Transparentnost i odgovornost: ATV udru\u017eenje &#8220;\u017ddralin&#8221; se pridr\u017eava visokih standarda transparentnosti i odgovornosti. Sve informacije o na\u0161im uslugama, cenama, pravilima i bezbednosti su jasno komunicirane na na\u0161em web sajtu i prilikom komunikacije s korisnicima. Uvek smo otvoreni za povratne informacije, pitanja i re\u0161avanje bilo kakvih nedoumica.<\/li>\n\n\n\n<li>Rezervacije i otkazivanja: Za pru\u017eanje boljeg korisni\u010dkog iskustva, preporu\u010dujemo da unapred rezervi\u0161ete vo\u017enju kvadova. Ukoliko je potrebno otkazati rezervaciju, molimo vas da nas blagovremeno obavestite kako bismo oslobodili termin za druge korisnike.<\/li>\n<\/ol>\n\n\n\n<p>ATV udru\u017eenje &#8220;\u017ddralin&#8221; je posve\u0107eno pru\u017eanju vrhunskog iskustva vo\u017enje kvadova na planini Jastrebac. Na\u0161a politika poslovanja ima za cilj da osigura kvalitet, sigurnost i zadovoljstvo na\u0161ih korisnika. Ukoliko imate dodatna pitanja ili nedoumice, slobodno nas kontaktirajte putem na\u0161ih zvani\u010dnih podataka.<\/p>\n\n\n\n<p>Va\u0161a privatnost nam je va\u017ena, stoga preporu\u010dujemo da pa\u017eljivo pro\u010ditate slede\u0107e informacije:<\/p>\n\n\n\n<ol class=\"wp-block-list\">\n<li>Prikupljanje li\u010dnih podataka: Prilikom rezervacije vo\u017enje kvadova ili kontaktiranja putem na\u0161eg web sajta, mo\u017ee biti potrebno da nam pru\u017eite odre\u0111ene li\u010dne podatke kao \u0161to su ime, adresa, broj telefona, e-mail adresa i sli\u010dno. Ove informacije se prikupljaju isklju\u010divo u svrhu pru\u017eanja usluga vo\u017enje kvadova i komunikacije s vama.<\/li>\n\n\n\n<li>Kori\u0161\u0107enje li\u010dnih podataka: Li\u010dni podaci koje prikupljamo koriste se isklju\u010divo u svrhu pru\u017eanja usluga vo\u017enje kvadova i komunikacije s vama. Podaci se mogu koristiti za potvrdu rezervacija, slanje obave\u0161tenja o promenama u rezervacijama ili pru\u017eanje informacija o novim ponudama ili promocijama, isklju\u010divo ako ste izrazili pristanak za primanje takvih obave\u0161tenja.<\/li>\n\n\n\n<li>Za\u0161tita li\u010dnih podataka: ATV udru\u017eenje &#8220;\u017ddralin&#8221; preduzima sve razumne tehni\u010dke i organizacione mere kako bi osiguralo za\u0161titu va\u0161ih li\u010dnih podataka od neovla\u0161\u0107enog pristupa, gubitka ili kra\u0111e. Va\u0161i podaci se \u010duvaju na sigurnim serverima i pristup njima imaju samo ovla\u0161\u0107ena lica koja su obavezna da \u010duvaju poverljivost va\u0161ih podataka.<\/li>\n\n\n\n<li>Deljenje li\u010dnih podataka: Va\u0161i li\u010dni podaci ne\u0107e biti deljeni, prodavani, iznajmljivani ili otkriveni tre\u0107im licima, osim ako to nije zakonom propisano ili ako ste dali izri\u010ditu saglasnost za takvo deljenje. Va\u0161i podaci se mogu deliti samo sa pouzdanim partnerima ili pru\u017eaocima usluga koji su uklju\u010deni u pru\u017eanje na\u0161ih usluga vo\u017enje kvadova, kao \u0161to su rezervacioni sistemi ili kurirske slu\u017ebe.<\/li>\n\n\n\n<li>Kola\u010di\u0107i (Cookies): Na\u0161 web sajt mo\u017ee koristiti kola\u010di\u0107e (cookies) kako bi pobolj\u0161ao va\u0161e korisni\u010dko iskustvo i pru\u017eio personalizovan sadr\u017eaj. Kola\u010di\u0107i su male tekstualne datoteke koje se \u010duvaju na va\u0161em ure\u0111aju i omogu\u0107avaju nam da prepoznamo va\u0161 ure\u0111aj prilikom ponovne posete na\u0161em web sajtu. Kori\u0161\u0107enje kola\u010di\u0107a je standardna praksa na ve\u0107ini web sajtova. Mo\u017eete podesiti pode\u0161avanja va\u0161eg pretra\u017eiva\u010da kako biste odbili ili izbrisali kola\u010di\u0107e, ali imajte u vidu da odre\u0111ene funkcionalnosti na\u0161eg web sajta mogu biti ograni\u010dene ukoliko isklju\u010dite kola\u010di\u0107e.<\/li>\n\n\n\n<li>Veze sa drugim web sajtovima: Na\u0161 web sajt mo\u017ee sadr\u017eati veze ka drugim web sajtovima ili resursima koje pru\u017eaju tre\u0107a lica. Molimo vas da imate u vidu da ova politika privatnosti va\u017ei samo za na\u0161 web sajt. ATV udru\u017eenje &#8220;\u017ddralin&#8221; nije odgovorno za politiku privatnosti ili prakse za\u0161tite podataka tre\u0107ih lica. Pre nego \u0161to pru\u017eite li\u010dne podatke na drugim web sajtovima, preporu\u010dujemo vam da pro\u010ditate njihove politike privatnosti.<\/li>\n<\/ol>\n\n\n\n<p>Va\u0161a saglasnost: Prilikom kori\u0161\u0107enja na\u0161eg web sajta i pru\u017eanja li\u010dnih podataka, smatra\u0107emo da ste dali izri\u010ditu saglasnost za prikupljanje, kori\u0161\u0107enje i obradu va\u0161ih li\u010dnih podataka u skladu sa ovom politikom privatnosti.<\/p>\n\n\n\n<p>ATV udru\u017eenje &#8220;\u017ddralin&#8221; se obavezuje da \u0161titi va\u0161u privatnost i obezbedi sigurnost va\u0161ih li\u010dnih podataka. Ukoliko imate bilo kakva pitanja, zahteve ili nedoumice u vezi sa na\u0161om politikom privatnosti, slobodno nas kontaktirajte putem na\u0161ih zvani\u010dnih podataka.<\/p>\n\n\n\n<p><\/p>\n","protected":false},"excerpt":{"rendered":"<p>Dobrodo\u0161li na stranicu posve\u0107enu politici poslovanja ATV udru\u017eenja &#8220;\u017ddralin&#8221; na planini Jastrebac. Ova stranica pru\u017ea informacije o na\u0161im vrednostima, ciljevima i na\u010dinu rada. Upoznajte se s na\u0161om politikom poslovanja: ATV udru\u017eenje &#8220;\u017ddralin&#8221; je posve\u0107eno pru\u017eanju vrhunskog iskustva vo\u017enje kvadova na planini Jastrebac. Na\u0161a politika poslovanja ima za cilj da osigura kvalitet, sigurnost i zadovoljstvo na\u0161ih [&hellip;]<\/p>\n","protected":false},"author":1,"featured_media":0,"parent":0,"menu_order":0,"comment_status":"closed","ping_status":"closed","template":"","meta":{"footnotes":""},"class_list":["post-4217","page","type-page","status-publish","hentry"],"_links":{"self":[{"href":"https:\/\/zdralinjastrebac.rs\/index.php\/wp-json\/wp\/v2\/pages\/4217","targetHints":{"allow":["GET"]}}],"collection":[{"href":"https:\/\/zdralinjastrebac.rs\/index.php\/wp-json\/wp\/v2\/pages"}],"about":[{"href":"https:\/\/zdralinjastrebac.rs\/index.php\/wp-json\/wp\/v2\/types\/page"}],"author":[{"embeddable":true,"href":"https:\/\/zdralinjastrebac.rs\/index.php\/wp-json\/wp\/v2\/users\/1"}],"replies":[{"embeddable":true,"href":"https:\/\/zdralinjastrebac.rs\/index.php\/wp-json\/wp\/v2\/comments?post=4217"}],"version-history":[{"count":3,"href":"https:\/\/zdralinjastrebac.rs\/index.php\/wp-json\/wp\/v2\/pages\/4217\/revisions"}],"predecessor-version":[{"id":4297,"href":"https:\/\/zdralinjastrebac.rs\/index.php\/wp-json\/wp\/v2\/pages\/4217\/revisions\/4297"}],"wp:attachment":[{"href":"https:\/\/zdralinjastrebac.rs\/index.php\/wp-json\/wp\/v2\/media?parent=4217"}],"curies":[{"name":"wp","href":"https:\/\/api.w.org\/{rel}","templated":true}]}}