{"id":4214,"date":"2023-06-16T07:12:22","date_gmt":"2023-06-16T06:12:22","guid":{"rendered":"https:\/\/zdralinjastrebac.rs\/?page_id=4214"},"modified":"2023-06-27T11:58:37","modified_gmt":"2023-06-27T10:58:37","slug":"odricanje-od-odgovornosti","status":"publish","type":"page","link":"https:\/\/zdralinjastrebac.rs\/index.php\/odricanje-od-odgovornosti\/","title":{"rendered":"Odricanje od odgovornosti"},"content":{"rendered":"\n<p>Hvala \u0161to koristite usluge ATV udru\u017eenja &#8220;\u017ddralin&#8221; na planini Jastrebac. Ova stranica sadr\u017ei va\u017ene informacije o odricanju od odgovornosti koje se odnose na kori\u0161\u0107enje na\u0161ih kvadova i usluga. Molimo vas da pa\u017eljivo pro\u010ditate slede\u0107e informacije:<\/p>\n\n\n\n<ol class=\"wp-block-list\">\n<li>Sopstvena odgovornost: Vo\u017enja kvadova na planini Jastrebac nosi odre\u0111eni nivo rizika. Kori\u0161\u0107enje na\u0161ih kvadova i u\u010de\u0161\u0107e u vo\u017enjama se vr\u0161i na sopstvenu odgovornost. ATV udru\u017eenje &#8220;\u017ddralin&#8221; ne mo\u017ee biti odgovorno za bilo kakve povrede, \u0161tete ili gubitke koji mogu nastati tokom vo\u017enje kvadova.<\/li>\n\n\n\n<li>Pravila i propisi: Prilikom kori\u0161\u0107enja na\u0161ih kvadova, molimo vas da se pridr\u017eavate svih lokalnih zakona, propisa i ograni\u010denja brzine koji se odnose na vo\u017enju kvadova na planini Jastrebac. Korisnici na\u0161ih usluga snose punu odgovornost za po\u0161tovanje svih propisa i mogu biti podlo\u017eni kaznama ukoliko prekr\u0161e zakon.<\/li>\n\n\n\n<li>Tehni\u010dko stanje kvadova: ATV udru\u017eenje &#8220;\u017ddralin&#8221; redovno odr\u017eava svoje kvadove kako bi se obezbedila njihova ispravnost i sigurnost. Me\u0111utim, i pored sveg na\u0161eg truda, mogu postojati nepredvi\u0111ene tehni\u010dke pote\u0161ko\u0107e. Korisnici na\u0161ih usluga moraju biti svesni da ATV udru\u017eenje &#8220;\u017ddralin&#8221; ne mo\u017ee biti odgovorno za bilo kakve kvarove ili tehni\u010dke probleme koji mogu nastati tokom vo\u017enje kvadova.<\/li>\n<\/ol>\n\n\n\n<p>Va\u017eno je razumeti i prihvatiti ova pravila i odricanje od odgovornosti pre nego \u0161to koristite na\u0161e kvadove i u\u010destvujete u vo\u017enjama. Va\u0161a sigurnost i zadovoljstvo su nam izuzetno va\u017eni, a pa\u017eljivo pridr\u017eavanje ovih smernica poma\u017ee u stvaranju bezbedne i uzbudljive vo\u017enje.<\/p>\n","protected":false},"excerpt":{"rendered":"<p>Hvala \u0161to koristite usluge ATV udru\u017eenja &#8220;\u017ddralin&#8221; na planini Jastrebac. Ova stranica sadr\u017ei va\u017ene informacije o odricanju od odgovornosti koje se odnose na kori\u0161\u0107enje na\u0161ih kvadova i usluga. Molimo vas da pa\u017eljivo pro\u010ditate slede\u0107e informacije: Va\u017eno je razumeti i prihvatiti ova pravila i odricanje od odgovornosti pre nego \u0161to koristite na\u0161e kvadove i u\u010destvujete u [&hellip;]<\/p>\n","protected":false},"author":1,"featured_media":0,"parent":0,"menu_order":0,"comment_status":"closed","ping_status":"closed","template":"","meta":{"footnotes":""},"class_list":["post-4214","page","type-page","status-publish","hentry"],"_links":{"self":[{"href":"https:\/\/zdralinjastrebac.rs\/index.php\/wp-json\/wp\/v2\/pages\/4214","targetHints":{"allow":["GET"]}}],"collection":[{"href":"https:\/\/zdralinjastrebac.rs\/index.php\/wp-json\/wp\/v2\/pages"}],"about":[{"href":"https:\/\/zdralinjastrebac.rs\/index.php\/wp-json\/wp\/v2\/types\/page"}],"author":[{"embeddable":true,"href":"https:\/\/zdralinjastrebac.rs\/index.php\/wp-json\/wp\/v2\/users\/1"}],"replies":[{"embeddable":true,"href":"https:\/\/zdralinjastrebac.rs\/index.php\/wp-json\/wp\/v2\/comments?post=4214"}],"version-history":[{"count":2,"href":"https:\/\/zdralinjastrebac.rs\/index.php\/wp-json\/wp\/v2\/pages\/4214\/revisions"}],"predecessor-version":[{"id":4295,"href":"https:\/\/zdralinjastrebac.rs\/index.php\/wp-json\/wp\/v2\/pages\/4214\/revisions\/4295"}],"wp:attachment":[{"href":"https:\/\/zdralinjastrebac.rs\/index.php\/wp-json\/wp\/v2\/media?parent=4214"}],"curies":[{"name":"wp","href":"https:\/\/api.w.org\/{rel}","templated":true}]}}