{"id":3106,"date":"2023-04-27T10:53:52","date_gmt":"2023-04-27T03:53:52","guid":{"rendered":"https:\/\/demo.ovatheme.com\/vedhak\/?page_id=3106"},"modified":"2024-06-22T15:22:27","modified_gmt":"2024-06-22T14:22:27","slug":"atv-ture","status":"publish","type":"page","link":"https:\/\/zdralinjastrebac.rs\/index.php\/atv-ture\/","title":{"rendered":"ATV Ture"},"content":{"rendered":"\t\t<div data-elementor-type=\"wp-page\" data-elementor-id=\"3106\" class=\"elementor elementor-3106\" data-elementor-post-type=\"page\">\n\t\t\t\t\t\t<section class=\"elementor-section elementor-top-section elementor-element elementor-element-decc158 elementor-section-boxed elementor-section-height-default elementor-section-height-default\" data-id=\"decc158\" data-element_type=\"section\" data-e-type=\"section\">\n\t\t\t\t\t\t<div class=\"elementor-container elementor-column-gap-no\">\n\t\t\t\t\t<div class=\"elementor-column elementor-col-100 elementor-top-column elementor-element elementor-element-c6a0397\" data-id=\"c6a0397\" data-element_type=\"column\" data-e-type=\"column\">\n\t\t\t<div class=\"elementor-widget-wrap\">\n\t\t\t\t\t\t\t<\/div>\n\t\t<\/div>\n\t\t\t\t\t<\/div>\n\t\t<\/section>\n\t\t\t\t<section class=\"elementor-section elementor-top-section elementor-element elementor-element-2615282 elementor-section-boxed elementor-section-height-default elementor-section-height-default\" data-id=\"2615282\" data-element_type=\"section\" data-e-type=\"section\">\n\t\t\t\t\t\t<div class=\"elementor-container elementor-column-gap-default\">\n\t\t\t\t\t<div class=\"elementor-column elementor-col-100 elementor-top-column elementor-element elementor-element-5cff69f\" data-id=\"5cff69f\" data-element_type=\"column\" data-e-type=\"column\">\n\t\t\t<div class=\"elementor-widget-wrap elementor-element-populated\">\n\t\t\t\t\t\t<div class=\"elementor-element elementor-element-ac303b4 elementor-widget elementor-widget-ovabrw_product_list\" data-id=\"ac303b4\" data-element_type=\"widget\" data-e-type=\"widget\" data-widget_type=\"ovabrw_product_list.default\">\n\t\t\t\t<div class=\"elementor-widget-container\">\n\t\t\t\t\t\n\t\t\t\t\t<div class=\"ova-product-list ova-product-list-template1 column3\">\n\t\t\t\t\t\t\t\t\t\n\t\n\t<div class=\"ova-product product type-product post-4405 status-publish first outofstock product_cat-atv-ture has-post-thumbnail shipping-taxable product-type-ovabrw_car_rental\">\n\t\t\n<div class=\"ova_head_product\">\n\t<a href=\"https:\/\/zdralinjastrebac.rs\/index.php\/product\/iznenadujuca-avantura-oblacinsko-jezero\/\" class=\"ova-product-thumbnail\">\n\t\t<img fetchpriority=\"high\" decoding=\"async\" width=\"768\" height=\"660\" src=\"https:\/\/zdralinjastrebac.rs\/wp-content\/uploads\/2024\/06\/20230922_174944_IMG_7635-768x660.jpg\" class=\"attachment-vedhak_thumbnail size-vedhak_thumbnail\" alt=\"Obla\u010dinsko jezero\" \/>\t<\/a>\n\t<div class=\"shape\"><\/div>\n\t<a href=\"https:\/\/zdralinjastrebac.rs\/index.php\/product\/iznenadujuca-avantura-oblacinsko-jezero\/\" class=\"product-view-detail\">\n\t\t<i aria-hidden=\"true\" class=\"fas fa-arrow-right\"><\/i>\n\t<\/a>\n<\/div>\n\n<div class=\"ova_foot_product\">\n\n\t<div class=\"product-info\">\n        \n        \t\t\n\t\t<h2 class=\"ova-product-title\">\n\t\t\t<a href=\"https:\/\/zdralinjastrebac.rs\/index.php\/product\/iznenadujuca-avantura-oblacinsko-jezero\/\">\n\t\t        Obla\u010dinsko jezero\t\t    <\/a>\n\t\t<\/h2>\n        \n        \n\t\t<div class=\"feature-icon-and-link\">\n\t\t\t\n\t\t\t<a href=\"https:\/\/zdralinjastrebac.rs\/index.php\/product\/iznenadujuca-avantura-oblacinsko-jezero\/\" class=\"product-view-detail\">\n\t\t\t\t<i aria-hidden=\"true\" class=\"fas fa-arrow-right\"><\/i>\n\t\t\t<\/a>\n\t\t<\/div>\n\t    \n\t<\/div>\n\n<\/div>\t<\/div>\n\n\t\t\t\t\t\t\t\t\t\n\t\n\t<div class=\"ova-product product type-product post-4397 status-publish instock product_cat-atv-ture has-post-thumbnail shipping-taxable product-type-ovabrw_car_rental\">\n\t\t\n<div class=\"ova_head_product\">\n\t<a href=\"https:\/\/zdralinjastrebac.rs\/index.php\/product\/gozba-u-planini\/\" class=\"ova-product-thumbnail\">\n\t\t<img decoding=\"async\" width=\"768\" height=\"660\" src=\"https:\/\/zdralinjastrebac.rs\/wp-content\/uploads\/2024\/06\/1000004528_1719172209039-768x660.jpg\" class=\"attachment-vedhak_thumbnail size-vedhak_thumbnail\" alt=\"Gozba u planini\" \/>\t<\/a>\n\t<div class=\"shape\"><\/div>\n\t<a href=\"https:\/\/zdralinjastrebac.rs\/index.php\/product\/gozba-u-planini\/\" class=\"product-view-detail\">\n\t\t<i aria-hidden=\"true\" class=\"fas fa-arrow-right\"><\/i>\n\t<\/a>\n<\/div>\n\n<div class=\"ova_foot_product\">\n\n\t<div class=\"product-info\">\n        \n        \t\t\n\t\t<h2 class=\"ova-product-title\">\n\t\t\t<a href=\"https:\/\/zdralinjastrebac.rs\/index.php\/product\/gozba-u-planini\/\">\n\t\t        Gozba u planini\t\t    <\/a>\n\t\t<\/h2>\n        \n        \n\t\t<div class=\"feature-icon-and-link\">\n\t\t\t\n\t\t\t<a href=\"https:\/\/zdralinjastrebac.rs\/index.php\/product\/gozba-u-planini\/\" class=\"product-view-detail\">\n\t\t\t\t<i aria-hidden=\"true\" class=\"fas fa-arrow-right\"><\/i>\n\t\t\t<\/a>\n\t\t<\/div>\n\t    \n\t<\/div>\n\n<\/div>\t<\/div>\n\n\t\t\t\t\t\t\t\t\t\n\t\n\t<div class=\"ova-product product type-product post-4389 status-publish last instock product_cat-atv-ture has-post-thumbnail shipping-taxable product-type-ovabrw_car_rental\">\n\t\t\n<div class=\"ova_head_product\">\n\t<a href=\"https:\/\/zdralinjastrebac.rs\/index.php\/product\/lake-resort\/\" class=\"ova-product-thumbnail\">\n\t\t<img decoding=\"async\" width=\"768\" height=\"660\" src=\"https:\/\/zdralinjastrebac.rs\/wp-content\/uploads\/2024\/06\/1000070095_1719171423692-768x660.jpg\" class=\"attachment-vedhak_thumbnail size-vedhak_thumbnail\" alt=\"Lake Resort\" \/>\t<\/a>\n\t<div class=\"shape\"><\/div>\n\t<a href=\"https:\/\/zdralinjastrebac.rs\/index.php\/product\/lake-resort\/\" class=\"product-view-detail\">\n\t\t<i aria-hidden=\"true\" class=\"fas fa-arrow-right\"><\/i>\n\t<\/a>\n<\/div>\n\n<div class=\"ova_foot_product\">\n\n\t<div class=\"product-info\">\n        \n        \t\t\n\t\t<h2 class=\"ova-product-title\">\n\t\t\t<a href=\"https:\/\/zdralinjastrebac.rs\/index.php\/product\/lake-resort\/\">\n\t\t        Lake Resort\t\t    <\/a>\n\t\t<\/h2>\n        \n        \n\t\t<div class=\"feature-icon-and-link\">\n\t\t\t\n\t\t\t<a href=\"https:\/\/zdralinjastrebac.rs\/index.php\/product\/lake-resort\/\" class=\"product-view-detail\">\n\t\t\t\t<i aria-hidden=\"true\" class=\"fas fa-arrow-right\"><\/i>\n\t\t\t<\/a>\n\t\t<\/div>\n\t    \n\t<\/div>\n\n<\/div>\t<\/div>\n\n\t\t\t\t\t\t\t\t\t\n\t\n\t<div class=\"ova-product product type-product post-4000 status-publish first instock product_cat-atv-ture has-post-thumbnail shipping-taxable product-type-ovabrw_car_rental\">\n\t\t\n<div class=\"ova_head_product\">\n\t<a href=\"https:\/\/zdralinjastrebac.rs\/index.php\/product\/panorama-tura\/\" class=\"ova-product-thumbnail\">\n\t\t<img loading=\"lazy\" decoding=\"async\" width=\"768\" height=\"660\" src=\"https:\/\/zdralinjastrebac.rs\/wp-content\/uploads\/2023\/05\/9-768x660.jpg\" class=\"attachment-vedhak_thumbnail size-vedhak_thumbnail\" alt=\"Mala panorama\" \/>\t<\/a>\n\t<div class=\"shape\"><\/div>\n\t<a href=\"https:\/\/zdralinjastrebac.rs\/index.php\/product\/panorama-tura\/\" class=\"product-view-detail\">\n\t\t<i aria-hidden=\"true\" class=\"fas fa-arrow-right\"><\/i>\n\t<\/a>\n<\/div>\n\n<div class=\"ova_foot_product\">\n\n\t<div class=\"product-info\">\n        \n        \t\t\n\t\t<h2 class=\"ova-product-title\">\n\t\t\t<a href=\"https:\/\/zdralinjastrebac.rs\/index.php\/product\/panorama-tura\/\">\n\t\t        Mala panorama\t\t    <\/a>\n\t\t<\/h2>\n        \n        \n\t\t<div class=\"feature-icon-and-link\">\n\t\t\t\n\t\t\t<a href=\"https:\/\/zdralinjastrebac.rs\/index.php\/product\/panorama-tura\/\" class=\"product-view-detail\">\n\t\t\t\t<i aria-hidden=\"true\" class=\"fas fa-arrow-right\"><\/i>\n\t\t\t<\/a>\n\t\t<\/div>\n\t    \n\t<\/div>\n\n<\/div>\t<\/div>\n\n\t\t\t\t\t\t\t\t\t\n\t\n\t<div class=\"ova-product product type-product post-3973 status-publish instock product_cat-atv-ture has-post-thumbnail shipping-taxable purchasable product-type-ovabrw_car_rental\">\n\t\t\n<div class=\"ova_head_product\">\n\t<a href=\"https:\/\/zdralinjastrebac.rs\/index.php\/product\/pogled-tura\/\" class=\"ova-product-thumbnail\">\n\t\t<img loading=\"lazy\" decoding=\"async\" width=\"768\" height=\"660\" src=\"https:\/\/zdralinjastrebac.rs\/wp-content\/uploads\/2023\/05\/1000070029_17191715034661-768x660.jpg\" class=\"attachment-vedhak_thumbnail size-vedhak_thumbnail\" alt=\"Pogled\" \/>\t<\/a>\n\t<div class=\"shape\"><\/div>\n\t<a href=\"https:\/\/zdralinjastrebac.rs\/index.php\/product\/pogled-tura\/\" class=\"product-view-detail\">\n\t\t<i aria-hidden=\"true\" class=\"fas fa-arrow-right\"><\/i>\n\t<\/a>\n<\/div>\n\n<div class=\"ova_foot_product\">\n\n\t<div class=\"product-info\">\n        \n        \t\t\n\t\t<h2 class=\"ova-product-title\">\n\t\t\t<a href=\"https:\/\/zdralinjastrebac.rs\/index.php\/product\/pogled-tura\/\">\n\t\t        Pogled\t\t    <\/a>\n\t\t<\/h2>\n        \n        \n\t\t<div class=\"feature-icon-and-link\">\n\t\t\t\n\t\t\t<a href=\"https:\/\/zdralinjastrebac.rs\/index.php\/product\/pogled-tura\/\" class=\"product-view-detail\">\n\t\t\t\t<i aria-hidden=\"true\" class=\"fas fa-arrow-right\"><\/i>\n\t\t\t<\/a>\n\t\t<\/div>\n\t    \n\t<\/div>\n\n<\/div>\t<\/div>\n\n\t\t\t\t\t\t\t\t\t\n\t\n\t<div class=\"ova-product product type-product post-3968 status-publish last instock product_cat-atv-ture has-post-thumbnail shipping-taxable product-type-ovabrw_car_rental\">\n\t\t\n<div class=\"ova_head_product\">\n\t<a href=\"https:\/\/zdralinjastrebac.rs\/index.php\/product\/relax-tura\/\" class=\"ova-product-thumbnail\">\n\t\t<img loading=\"lazy\" decoding=\"async\" width=\"768\" height=\"660\" src=\"https:\/\/zdralinjastrebac.rs\/wp-content\/uploads\/2024\/06\/15-768x660.jpg\" class=\"attachment-vedhak_thumbnail size-vedhak_thumbnail\" alt=\"Relax\" \/>\t<\/a>\n\t<div class=\"shape\"><\/div>\n\t<a href=\"https:\/\/zdralinjastrebac.rs\/index.php\/product\/relax-tura\/\" class=\"product-view-detail\">\n\t\t<i aria-hidden=\"true\" class=\"fas fa-arrow-right\"><\/i>\n\t<\/a>\n<\/div>\n\n<div class=\"ova_foot_product\">\n\n\t<div class=\"product-info\">\n        \n        \t\t\n\t\t<h2 class=\"ova-product-title\">\n\t\t\t<a href=\"https:\/\/zdralinjastrebac.rs\/index.php\/product\/relax-tura\/\">\n\t\t        Relax\t\t    <\/a>\n\t\t<\/h2>\n        \n        \n\t\t<div class=\"feature-icon-and-link\">\n\t\t\t\n\t\t\t<a href=\"https:\/\/zdralinjastrebac.rs\/index.php\/product\/relax-tura\/\" class=\"product-view-detail\">\n\t\t\t\t<i aria-hidden=\"true\" class=\"fas fa-arrow-right\"><\/i>\n\t\t\t<\/a>\n\t\t<\/div>\n\t    \n\t<\/div>\n\n<\/div>\t<\/div>\n\n\t\t\t\t\t\t\t<\/div>\n\n\t\t\n\t\t\t\t\t\t<\/div>\n\t\t\t\t<\/div>\n\t\t\t\t\t<\/div>\n\t\t<\/div>\n\t\t\t\t\t<\/div>\n\t\t<\/section>\n\t\t\t\t<\/div>\n\t\t","protected":false},"excerpt":{"rendered":"<p>Iznena\u0111uju\u0107a Avantura: Obla\u010dinsko jezero Gozba u planini Lake Resort Panorama tura Pogled Tura Relax Tura<\/p>\n","protected":false},"author":1,"featured_media":4494,"parent":0,"menu_order":0,"comment_status":"closed","ping_status":"closed","template":"elementor_header_footer","meta":{"footnotes":""},"class_list":["post-3106","page","type-page","status-publish","has-post-thumbnail","hentry"],"_links":{"self":[{"href":"https:\/\/zdralinjastrebac.rs\/index.php\/wp-json\/wp\/v2\/pages\/3106","targetHints":{"allow":["GET"]}}],"collection":[{"href":"https:\/\/zdralinjastrebac.rs\/index.php\/wp-json\/wp\/v2\/pages"}],"about":[{"href":"https:\/\/zdralinjastrebac.rs\/index.php\/wp-json\/wp\/v2\/types\/page"}],"author":[{"embeddable":true,"href":"https:\/\/zdralinjastrebac.rs\/index.php\/wp-json\/wp\/v2\/users\/1"}],"replies":[{"embeddable":true,"href":"https:\/\/zdralinjastrebac.rs\/index.php\/wp-json\/wp\/v2\/comments?post=3106"}],"version-history":[{"count":31,"href":"https:\/\/zdralinjastrebac.rs\/index.php\/wp-json\/wp\/v2\/pages\/3106\/revisions"}],"predecessor-version":[{"id":4747,"href":"https:\/\/zdralinjastrebac.rs\/index.php\/wp-json\/wp\/v2\/pages\/3106\/revisions\/4747"}],"wp:featuredmedia":[{"embeddable":true,"href":"https:\/\/zdralinjastrebac.rs\/index.php\/wp-json\/wp\/v2\/media\/4494"}],"wp:attachment":[{"href":"https:\/\/zdralinjastrebac.rs\/index.php\/wp-json\/wp\/v2\/media?parent=3106"}],"curies":[{"name":"wp","href":"https:\/\/api.w.org\/{rel}","templated":true}]}}